{"id":30,"date":"2021-11-26T00:03:27","date_gmt":"2021-11-26T00:03:27","guid":{"rendered":"https:\/\/www.atteholtta.fi\/?page_id=30"},"modified":"2025-10-09T17:51:49","modified_gmt":"2025-10-09T17:51:49","slug":"kuka-olen","status":"publish","type":"page","link":"https:\/\/www.atteholtta.fi\/index.php\/kuka-olen\/","title":{"rendered":"Kuka olen"},"content":{"rendered":"\t\t<div data-elementor-type=\"wp-page\" data-elementor-id=\"30\" class=\"elementor elementor-30\" data-elementor-settings=\"[]\">\n\t\t\t\t\t\t\t<div class=\"elementor-section-wrap\">\n\t\t\t\t\t\t\t<section class=\"elementor-section elementor-top-section elementor-element elementor-element-b228ba7 elementor-section-boxed elementor-section-height-default elementor-section-height-default\" data-id=\"b228ba7\" data-element_type=\"section\">\n\t\t\t\t\t\t<div class=\"elementor-container elementor-column-gap-default\">\n\t\t\t\t\t<div class=\"elementor-column elementor-col-100 elementor-top-column elementor-element elementor-element-fc3cf5c\" data-id=\"fc3cf5c\" data-element_type=\"column\">\n\t\t\t<div class=\"elementor-widget-wrap elementor-element-populated\">\n\t\t\t\t\t\t\t\t<section class=\"elementor-section elementor-inner-section elementor-element elementor-element-c829330 elementor-section-boxed elementor-section-height-default elementor-section-height-default\" data-id=\"c829330\" data-element_type=\"section\">\n\t\t\t\t\t\t<div class=\"elementor-container elementor-column-gap-default\">\n\t\t\t\t\t<div class=\"elementor-column elementor-col-50 elementor-inner-column elementor-element elementor-element-e54b99a\" data-id=\"e54b99a\" data-element_type=\"column\">\n\t\t\t<div class=\"elementor-widget-wrap elementor-element-populated\">\n\t\t\t\t\t\t\t\t<div class=\"elementor-element elementor-element-1285587 elementor-widget elementor-widget-image\" data-id=\"1285587\" data-element_type=\"widget\" data-widget_type=\"image.default\">\n\t\t\t\t<div class=\"elementor-widget-container\">\n\t\t\t\t\t\t\t\t\t\t\t\t\t\t\t<img loading=\"lazy\" decoding=\"async\" width=\"683\" height=\"1024\" src=\"https:\/\/www.atteholtta.fi\/wp-content\/uploads\/2025\/01\/Holtta-Atte-8-683x1024.jpg\" class=\"attachment-large size-large\" alt=\"\" srcset=\"https:\/\/www.atteholtta.fi\/wp-content\/uploads\/2025\/01\/Holtta-Atte-8-683x1024.jpg 683w, https:\/\/www.atteholtta.fi\/wp-content\/uploads\/2025\/01\/Holtta-Atte-8-200x300.jpg 200w, https:\/\/www.atteholtta.fi\/wp-content\/uploads\/2025\/01\/Holtta-Atte-8-768x1151.jpg 768w, https:\/\/www.atteholtta.fi\/wp-content\/uploads\/2025\/01\/Holtta-Atte-8-1025x1536.jpg 1025w, https:\/\/www.atteholtta.fi\/wp-content\/uploads\/2025\/01\/Holtta-Atte-8-1367x2048.jpg 1367w, https:\/\/www.atteholtta.fi\/wp-content\/uploads\/2025\/01\/Holtta-Atte-8-scaled.jpg 1708w\" sizes=\"auto, (max-width: 683px) 100vw, 683px\" \/>\t\t\t\t\t\t\t\t\t\t\t\t\t\t\t<\/div>\n\t\t\t\t<\/div>\n\t\t\t\t\t<\/div>\n\t\t<\/div>\n\t\t\t\t<div class=\"elementor-column elementor-col-50 elementor-inner-column elementor-element elementor-element-3a463f9\" data-id=\"3a463f9\" data-element_type=\"column\">\n\t\t\t<div class=\"elementor-widget-wrap elementor-element-populated\">\n\t\t\t\t\t\t\t\t<div class=\"elementor-element elementor-element-9415b77 elementor-widget elementor-widget-heading\" data-id=\"9415b77\" data-element_type=\"widget\" data-widget_type=\"heading.default\">\n\t\t\t\t<div class=\"elementor-widget-container\">\n\t\t\t<h2 class=\"elementor-heading-title elementor-size-default\">Atte H\u00f6ltt\u00e4<\/h2>\t\t<\/div>\n\t\t\t\t<\/div>\n\t\t\t\t<div class=\"elementor-element elementor-element-4fc393c elementor-widget elementor-widget-text-editor\" data-id=\"4fc393c\" data-element_type=\"widget\" data-widget_type=\"text-editor.default\">\n\t\t\t\t<div class=\"elementor-widget-container\">\n\t\t\t\t\t\t\t<p>Olen 37-vuotias l\u00e4\u00e4k\u00e4ri ja asun perheeni kanssa Huittisissa. Olen tullut Satakuntaan alunperin Keski-Suomesta. Ty\u00f6skentelen julkisessa terveydenhuollossa kardiologian erikoisl\u00e4\u00e4k\u00e4rin\u00e4. Istun toista kautta aluevaltuustossa ja t\u00e4ll\u00e4 kaudella olen ensimm\u00e4ist\u00e4 kertaa aluehallituksessa. Lis\u00e4ksi olen Huittisten kaupunginvaltuutettu ja sivistyslautakunnan j\u00e4sen.<\/p><p><span style=\"font-size: 18px;\">Olen ty\u00f6skennellyt useissa terveyskeskuksissa ja erikoissairaanhoidon osalta mm. Vaasan keskussairaalassa, Satasairaalassa, Tampereen yliopistollisessa keskussairaalassa sek\u00e4 Turun yliopistollisessa keskussairaalassa. Toimin sivutoimisena yritt\u00e4j\u00e4n\u00e4 vuosina 2017-2024 ja t\u00e4ll\u00e4 hetkell\u00e4 pid\u00e4n taukoa yritt\u00e4misest\u00e4.<\/span><\/p><p>Uskon, ett\u00e4 aluevaltuustoon tarvitaan alan edustajia tuomaan esiin j\u00e4rjestelm\u00e4n sis\u00e4isi\u00e4 ongelmia, jotta palveluita voitaisiin parantaa.<\/p><p><strong>T\u00e4rkeimm\u00e4t tavoitteeni ovat olleet koko poliittisen urani ajan seuraavat<\/strong><\/p><ul><li>Julkisen terveydenhuollon <strong>s\u00e4hk\u00f6isi\u00e4 palveluita pit\u00e4\u00e4 parantaa<\/strong>\u00a0 (niit\u00e4h\u00e4n ei k\u00e4yt\u00e4nn\u00f6ss\u00e4 julkisella puolella ole ollut ja n\u00e4it\u00e4 on jo saatukin parannettua)<\/li><li><strong>Asiakaskokemuksen parantaminen:<\/strong> turha pompottelu pois. Ammattilaisen pit\u00e4\u00e4 kyet\u00e4 delegoimaan asiakkaan asia oikealle asiantuntijalle sen sijaan, ett\u00e4 asiakasta pompotellaan luukulta toiselle.\u00a0<\/li><li><strong>Hoidon jatkuvuus pit\u00e4\u00e4 taata<\/strong>. Etenkin paljon palveluita k\u00e4ytt\u00e4v\u00e4t monisairaat joutuvat usein asioimaan useilla eri ammattilaisilla, mutta kenell\u00e4k\u00e4\u00e4n ei ole kokonaisvaltaista otetta asiakkaan kokonaisuudesta. T\u00e4h\u00e4n pit\u00e4\u00e4 jatkossa panostaa entist\u00e4 enemm\u00e4n. Meid\u00e4n on kertakaikkiaan saatava perustason palvelut hyvin toimiviksi, jotta perussairaiden kokonaisuus olisi kokonaisvaltaisesti hallussa.<\/li><li><strong>Henkil\u00f6st\u00f6n tyytyv\u00e4isyys<\/strong> lis\u00e4\u00e4ntyy, kun edell\u00e4 olevia asioita laitetaan kuntoon<\/li><li>Terveydenhuollon palvelut pit\u00e4\u00e4 tarpeen vaatiessa voida ostaa yksityissektorilta.<\/li><li><strong>Erikoisl\u00e4\u00e4k\u00e4ripula<\/strong> vallitsee ymp\u00e4ri maata. Ainoastaan julkinen sektori toimii erikoisl\u00e4\u00e4k\u00e4rien kouluttajana. Laadukas koulutus pit\u00e4\u00e4 taata jatkossakin. Ulkoistuksia tai ostopalveluja ei pid\u00e4 solmia koulutuksen kustannuksella.<\/li><li><b>So<\/b>siaali- ja <b>te<\/b>rveyspalveluiden keskin\u00e4ist\u00e4 yhteisty\u00f6t\u00e4 ja tiedonkulkua on parannettava. T\u00e4rke\u00e4\u00e4, jotta asiakaskokemus paranisi ja pompottelu v\u00e4henisi.<\/li><\/ul>\t\t\t\t\t\t<\/div>\n\t\t\t\t<\/div>\n\t\t\t\t\t<\/div>\n\t\t<\/div>\n\t\t\t\t\t\t\t<\/div>\n\t\t<\/section>\n\t\t\t\t<div class=\"elementor-element elementor-element-01ad571 elementor-widget elementor-widget-spacer\" data-id=\"01ad571\" data-element_type=\"widget\" data-widget_type=\"spacer.default\">\n\t\t\t\t<div class=\"elementor-widget-container\">\n\t\t\t\t\t<div class=\"elementor-spacer\">\n\t\t\t<div class=\"elementor-spacer-inner\"><\/div>\n\t\t<\/div>\n\t\t\t\t<\/div>\n\t\t\t\t<\/div>\n\t\t\t\t<div class=\"elementor-element elementor-element-790d32b elementor-widget elementor-widget-spacer\" data-id=\"790d32b\" data-element_type=\"widget\" data-widget_type=\"spacer.default\">\n\t\t\t\t<div class=\"elementor-widget-container\">\n\t\t\t\t\t<div class=\"elementor-spacer\">\n\t\t\t<div class=\"elementor-spacer-inner\"><\/div>\n\t\t<\/div>\n\t\t\t\t<\/div>\n\t\t\t\t<\/div>\n\t\t\t\t<div class=\"elementor-element elementor-element-3686c29 elementor-widget-divider--view-line elementor-widget elementor-widget-divider\" data-id=\"3686c29\" data-element_type=\"widget\" data-widget_type=\"divider.default\">\n\t\t\t\t<div class=\"elementor-widget-container\">\n\t\t\t\t\t<div class=\"elementor-divider\">\n\t\t\t<span class=\"elementor-divider-separator\">\n\t\t\t\t\t\t<\/span>\n\t\t<\/div>\n\t\t\t\t<\/div>\n\t\t\t\t<\/div>\n\t\t\t\t\t<\/div>\n\t\t<\/div>\n\t\t\t\t\t\t\t<\/div>\n\t\t<\/section>\n\t\t\t\t\t\t<\/div>\n\t\t\t\t\t<\/div>\n\t\t","protected":false},"excerpt":{"rendered":"<p>Atte H\u00f6ltt\u00e4 Olen 37-vuotias l\u00e4\u00e4k\u00e4ri ja asun perheeni kanssa Huittisissa. Olen tullut Satakuntaan alunperin Keski-Suomesta. Ty\u00f6skentelen julkisessa terveydenhuollossa kardiologian erikoisl\u00e4\u00e4k\u00e4rin\u00e4. Istun toista kautta aluevaltuustossa ja t\u00e4ll\u00e4 kaudella olen ensimm\u00e4ist\u00e4 kertaa aluehallituksessa. Lis\u00e4ksi olen Huittisten kaupunginvaltuutettu ja sivistyslautakunnan j\u00e4sen. Olen ty\u00f6skennellyt useissa terveyskeskuksissa ja erikoissairaanhoidon osalta mm. Vaasan keskussairaalassa, Satasairaalassa, Tampereen yliopistollisessa keskussairaalassa sek\u00e4 Turun yliopistollisessa [&hellip;]<\/p>\n","protected":false},"author":1,"featured_media":0,"parent":0,"menu_order":0,"comment_status":"closed","ping_status":"closed","template":"elementor_header_footer","meta":{"footnotes":""},"class_list":["post-30","page","type-page","status-publish","hentry","entry"],"yoast_head":"<!-- This site is optimized with the Yoast SEO plugin v17.7.1 - https:\/\/yoast.com\/wordpress\/plugins\/seo\/ -->\n<title>Kuka olen - Atte H&ouml;ltt&auml;<\/title>\n<meta name=\"robots\" content=\"index, follow, max-snippet:-1, max-image-preview:large, max-video-preview:-1\" \/>\n<link rel=\"canonical\" href=\"https:\/\/www.atteholtta.fi\/index.php\/kuka-olen\/\" \/>\n<meta property=\"og:locale\" content=\"fi_FI\" \/>\n<meta property=\"og:type\" content=\"article\" \/>\n<meta property=\"og:title\" content=\"Kuka olen - Atte H&ouml;ltt&auml;\" \/>\n<meta property=\"og:description\" content=\"Atte H\u00f6ltt\u00e4 Olen 37-vuotias l\u00e4\u00e4k\u00e4ri ja asun perheeni kanssa Huittisissa. Olen tullut Satakuntaan alunperin Keski-Suomesta. Ty\u00f6skentelen julkisessa terveydenhuollossa kardiologian erikoisl\u00e4\u00e4k\u00e4rin\u00e4. Istun toista kautta aluevaltuustossa ja t\u00e4ll\u00e4 kaudella olen ensimm\u00e4ist\u00e4 kertaa aluehallituksessa. Lis\u00e4ksi olen Huittisten kaupunginvaltuutettu ja sivistyslautakunnan j\u00e4sen. Olen ty\u00f6skennellyt useissa terveyskeskuksissa ja erikoissairaanhoidon osalta mm. Vaasan keskussairaalassa, Satasairaalassa, Tampereen yliopistollisessa keskussairaalassa sek\u00e4 Turun yliopistollisessa [&hellip;]\" \/>\n<meta property=\"og:url\" content=\"https:\/\/www.atteholtta.fi\/index.php\/kuka-olen\/\" \/>\n<meta property=\"og:site_name\" content=\"Atte H&ouml;ltt&auml;\" \/>\n<meta property=\"article:modified_time\" content=\"2025-10-09T17:51:49+00:00\" \/>\n<meta property=\"og:image\" content=\"https:\/\/www.atteholtta.fi\/wp-content\/uploads\/2025\/01\/Holtta-Atte-8-683x1024.jpg\" \/>\n<meta name=\"twitter:card\" content=\"summary_large_image\" \/>\n<meta name=\"twitter:label1\" content=\"Arvioitu lukuaika\" \/>\n\t<meta name=\"twitter:data1\" content=\"2 minuuttia\" \/>\n<script type=\"application\/ld+json\" class=\"yoast-schema-graph\">{\"@context\":\"https:\/\/schema.org\",\"@graph\":[{\"@type\":\"WebSite\",\"@id\":\"https:\/\/www.atteholtta.fi\/#website\",\"url\":\"https:\/\/www.atteholtta.fi\/\",\"name\":\"Atte H&ouml;ltt&auml;\",\"description\":\"Huittisten Kokoomus\",\"potentialAction\":[{\"@type\":\"SearchAction\",\"target\":{\"@type\":\"EntryPoint\",\"urlTemplate\":\"https:\/\/www.atteholtta.fi\/?s={search_term_string}\"},\"query-input\":\"required name=search_term_string\"}],\"inLanguage\":\"fi\"},{\"@type\":\"ImageObject\",\"@id\":\"https:\/\/www.atteholtta.fi\/index.php\/kuka-olen\/#primaryimage\",\"inLanguage\":\"fi\",\"url\":\"https:\/\/www.atteholtta.fi\/wp-content\/uploads\/2025\/01\/Holtta-Atte-8-scaled.jpg\",\"contentUrl\":\"https:\/\/www.atteholtta.fi\/wp-content\/uploads\/2025\/01\/Holtta-Atte-8-scaled.jpg\",\"width\":1708,\"height\":2560},{\"@type\":\"WebPage\",\"@id\":\"https:\/\/www.atteholtta.fi\/index.php\/kuka-olen\/#webpage\",\"url\":\"https:\/\/www.atteholtta.fi\/index.php\/kuka-olen\/\",\"name\":\"Kuka olen - Atte H&ouml;ltt&auml;\",\"isPartOf\":{\"@id\":\"https:\/\/www.atteholtta.fi\/#website\"},\"primaryImageOfPage\":{\"@id\":\"https:\/\/www.atteholtta.fi\/index.php\/kuka-olen\/#primaryimage\"},\"datePublished\":\"2021-11-26T00:03:27+00:00\",\"dateModified\":\"2025-10-09T17:51:49+00:00\",\"breadcrumb\":{\"@id\":\"https:\/\/www.atteholtta.fi\/index.php\/kuka-olen\/#breadcrumb\"},\"inLanguage\":\"fi\",\"potentialAction\":[{\"@type\":\"ReadAction\",\"target\":[\"https:\/\/www.atteholtta.fi\/index.php\/kuka-olen\/\"]}]},{\"@type\":\"BreadcrumbList\",\"@id\":\"https:\/\/www.atteholtta.fi\/index.php\/kuka-olen\/#breadcrumb\",\"itemListElement\":[{\"@type\":\"ListItem\",\"position\":1,\"name\":\"Etusivu\",\"item\":\"https:\/\/www.atteholtta.fi\/\"},{\"@type\":\"ListItem\",\"position\":2,\"name\":\"Kuka olen\"}]}]}<\/script>\n<!-- \/ Yoast SEO plugin. -->","yoast_head_json":{"title":"Kuka olen - Atte H&ouml;ltt&auml;","robots":{"index":"index","follow":"follow","max-snippet":"max-snippet:-1","max-image-preview":"max-image-preview:large","max-video-preview":"max-video-preview:-1"},"canonical":"https:\/\/www.atteholtta.fi\/index.php\/kuka-olen\/","og_locale":"fi_FI","og_type":"article","og_title":"Kuka olen - Atte H&ouml;ltt&auml;","og_description":"Atte H\u00f6ltt\u00e4 Olen 37-vuotias l\u00e4\u00e4k\u00e4ri ja asun perheeni kanssa Huittisissa. Olen tullut Satakuntaan alunperin Keski-Suomesta. Ty\u00f6skentelen julkisessa terveydenhuollossa kardiologian erikoisl\u00e4\u00e4k\u00e4rin\u00e4. Istun toista kautta aluevaltuustossa ja t\u00e4ll\u00e4 kaudella olen ensimm\u00e4ist\u00e4 kertaa aluehallituksessa. Lis\u00e4ksi olen Huittisten kaupunginvaltuutettu ja sivistyslautakunnan j\u00e4sen. Olen ty\u00f6skennellyt useissa terveyskeskuksissa ja erikoissairaanhoidon osalta mm. Vaasan keskussairaalassa, Satasairaalassa, Tampereen yliopistollisessa keskussairaalassa sek\u00e4 Turun yliopistollisessa [&hellip;]","og_url":"https:\/\/www.atteholtta.fi\/index.php\/kuka-olen\/","og_site_name":"Atte H&ouml;ltt&auml;","article_modified_time":"2025-10-09T17:51:49+00:00","og_image":[{"url":"https:\/\/www.atteholtta.fi\/wp-content\/uploads\/2025\/01\/Holtta-Atte-8-683x1024.jpg"}],"twitter_card":"summary_large_image","twitter_misc":{"Arvioitu lukuaika":"2 minuuttia"},"schema":{"@context":"https:\/\/schema.org","@graph":[{"@type":"WebSite","@id":"https:\/\/www.atteholtta.fi\/#website","url":"https:\/\/www.atteholtta.fi\/","name":"Atte H&ouml;ltt&auml;","description":"Huittisten Kokoomus","potentialAction":[{"@type":"SearchAction","target":{"@type":"EntryPoint","urlTemplate":"https:\/\/www.atteholtta.fi\/?s={search_term_string}"},"query-input":"required name=search_term_string"}],"inLanguage":"fi"},{"@type":"ImageObject","@id":"https:\/\/www.atteholtta.fi\/index.php\/kuka-olen\/#primaryimage","inLanguage":"fi","url":"https:\/\/www.atteholtta.fi\/wp-content\/uploads\/2025\/01\/Holtta-Atte-8-scaled.jpg","contentUrl":"https:\/\/www.atteholtta.fi\/wp-content\/uploads\/2025\/01\/Holtta-Atte-8-scaled.jpg","width":1708,"height":2560},{"@type":"WebPage","@id":"https:\/\/www.atteholtta.fi\/index.php\/kuka-olen\/#webpage","url":"https:\/\/www.atteholtta.fi\/index.php\/kuka-olen\/","name":"Kuka olen - Atte H&ouml;ltt&auml;","isPartOf":{"@id":"https:\/\/www.atteholtta.fi\/#website"},"primaryImageOfPage":{"@id":"https:\/\/www.atteholtta.fi\/index.php\/kuka-olen\/#primaryimage"},"datePublished":"2021-11-26T00:03:27+00:00","dateModified":"2025-10-09T17:51:49+00:00","breadcrumb":{"@id":"https:\/\/www.atteholtta.fi\/index.php\/kuka-olen\/#breadcrumb"},"inLanguage":"fi","potentialAction":[{"@type":"ReadAction","target":["https:\/\/www.atteholtta.fi\/index.php\/kuka-olen\/"]}]},{"@type":"BreadcrumbList","@id":"https:\/\/www.atteholtta.fi\/index.php\/kuka-olen\/#breadcrumb","itemListElement":[{"@type":"ListItem","position":1,"name":"Etusivu","item":"https:\/\/www.atteholtta.fi\/"},{"@type":"ListItem","position":2,"name":"Kuka olen"}]}]}},"_links":{"self":[{"href":"https:\/\/www.atteholtta.fi\/index.php\/wp-json\/wp\/v2\/pages\/30","targetHints":{"allow":["GET"]}}],"collection":[{"href":"https:\/\/www.atteholtta.fi\/index.php\/wp-json\/wp\/v2\/pages"}],"about":[{"href":"https:\/\/www.atteholtta.fi\/index.php\/wp-json\/wp\/v2\/types\/page"}],"author":[{"embeddable":true,"href":"https:\/\/www.atteholtta.fi\/index.php\/wp-json\/wp\/v2\/users\/1"}],"replies":[{"embeddable":true,"href":"https:\/\/www.atteholtta.fi\/index.php\/wp-json\/wp\/v2\/comments?post=30"}],"version-history":[{"count":89,"href":"https:\/\/www.atteholtta.fi\/index.php\/wp-json\/wp\/v2\/pages\/30\/revisions"}],"predecessor-version":[{"id":560,"href":"https:\/\/www.atteholtta.fi\/index.php\/wp-json\/wp\/v2\/pages\/30\/revisions\/560"}],"wp:attachment":[{"href":"https:\/\/www.atteholtta.fi\/index.php\/wp-json\/wp\/v2\/media?parent=30"}],"curies":[{"name":"wp","href":"https:\/\/api.w.org\/{rel}","templated":true}]}}